{"id":658,"date":"2025-10-30T14:05:44","date_gmt":"2025-10-30T14:05:44","guid":{"rendered":"https:\/\/ferronnerie-carletto.fr\/?page_id=658"},"modified":"2025-12-16T08:29:07","modified_gmt":"2025-12-16T08:29:07","slug":"formation","status":"publish","type":"page","link":"https:\/\/ferronnerie-carletto.fr\/index.php\/formation\/","title":{"rendered":"Formation"},"content":{"rendered":"\t\t<div data-elementor-type=\"wp-post\" data-elementor-id=\"658\" class=\"elementor elementor-658\">\n\t\t\t\t\t\t<section class=\"elementor-section elementor-top-section elementor-element elementor-element-yj8dq0l elementor-section-height-min-height elementor-section-content-middle elementor-section-boxed elementor-section-height-default elementor-section-items-middle\" data-id=\"yj8dq0l\" data-element_type=\"section\" data-settings=\"{&quot;background_background&quot;:&quot;classic&quot;}\">\n\t\t\t\t\t\t\t<div class=\"elementor-background-overlay\"><\/div>\n\t\t\t\t\t\t\t<div class=\"elementor-container elementor-column-gap-default\">\n\t\t\t\t\t<div class=\"elementor-column elementor-col-100 elementor-top-column elementor-element elementor-element-0ixf4xa\" data-id=\"0ixf4xa\" data-element_type=\"column\">\n\t\t\t<div class=\"elementor-widget-wrap elementor-element-populated\">\n\t\t\t\t\t\t<div class=\"elementor-element elementor-element-yqf7coq hero-title elementor-widget elementor-widget-heading\" data-id=\"yqf7coq\" data-element_type=\"widget\" data-widget_type=\"heading.default\">\n\t\t\t\t\t<h1 class=\"elementor-heading-title elementor-size-default\">Anthony carletto<\/h1>\t\t\t\t<\/div>\n\t\t\t\t<div class=\"elementor-element elementor-element-612b129 hero-title elementor-widget elementor-widget-heading\" data-id=\"612b129\" data-element_type=\"widget\" data-widget_type=\"heading.default\">\n\t\t\t\t\t<h2 class=\"elementor-heading-title elementor-size-default\">Artiste ferronnier et formateur passionn\u00e9<\/h2>\t\t\t\t<\/div>\n\t\t\t\t\t<\/div>\n\t\t<\/div>\n\t\t\t\t\t<\/div>\n\t\t<\/section>\n\t\t\t\t<section class=\"elementor-section elementor-top-section elementor-element elementor-element-iq71ssn elementor-section-content-middle elementor-section-boxed elementor-section-height-default elementor-section-height-default\" data-id=\"iq71ssn\" data-element_type=\"section\" data-settings=\"{&quot;background_background&quot;:&quot;classic&quot;}\">\n\t\t\t\t\t\t<div class=\"elementor-container elementor-column-gap-default\">\n\t\t\t\t\t<div class=\"elementor-column elementor-col-50 elementor-top-column elementor-element elementor-element-oredo4r\" data-id=\"oredo4r\" data-element_type=\"column\">\n\t\t\t<div class=\"elementor-widget-wrap elementor-element-populated\">\n\t\t\t\t\t\t<div class=\"elementor-element elementor-element-2oppmnf center-mobile elementor-widget elementor-widget-heading\" data-id=\"2oppmnf\" data-element_type=\"widget\" data-widget_type=\"heading.default\">\n\t\t\t\t\t<h2 class=\"elementor-heading-title elementor-size-default\">formation en ferronnerie &amp; soudure<\/h2>\t\t\t\t<\/div>\n\t\t\t\t<div class=\"elementor-element elementor-element-se2hi8r center-mobile elementor-widget elementor-widget-text-editor\" data-id=\"se2hi8r\" data-element_type=\"widget\" data-widget_type=\"text-editor.default\">\n\t\t\t\t\t\t\t\t\t<p>Form\u00e9 aux <strong>techniques traditionnelles de la forge<\/strong> et enrichi par des ann\u00e9es d&#8217;exp\u00e9rimentation personnelle, Anthony accorde une grande importance \u00e0 la transmission. C&#8217;est dans cet optique qu&#8217;il propose des <strong>formations de forge sur m\u00e9tal<\/strong> et <strong>soudure<\/strong> pour tous.<\/p><p>Ses stages, organis\u00e9s \u00e0 l&#8217;atelier dans un cadre convivial et stimulant, permettent de <strong>d\u00e9couvrir les gestes fondamentaux du forgeron<\/strong> : mise en forme \u00e0 chaud, martelage, assemblages, finitions &#8230; La forge devient alors un v\u00e9ritable terrain d&#8217;expression o\u00f9 le feu et le m\u00e9tal s&#8217;apprivoisent au rythme des coups de marteau.<\/p><p><strong>Chaque participant repart avec une pi\u00e8ce qu&#8217;il a lui-m\u00eame fa\u00e7onn\u00e9e<\/strong>, et surtout avec une nouvelle compr\u00e9hension de la mati\u00e8re et du geste.<\/p><p>Les formations en soudure propos\u00e9es par Anthony compl\u00e8tent parfaitement l&#8217;apprentissage de la forge. <br \/>Initiation au soudage \u00e0 l&#8217;arc, au MIG, au travail sur diff\u00e9rents types de m\u00e9taux, s\u00e9curit\u00e9 et pr\u00e9paration des surfaces : tous ces aspects techniques seront abord\u00e9s.<\/p><p>L&#8217;objectif est d&#8217;acqu\u00e9rir des comp\u00e9tences concr\u00e8tes, imm\u00e9diatement utiles pour des projets personnels ou professionnels.<\/p>\t\t\t\t\t\t\t\t<\/div>\n\t\t\t\t<div class=\"elementor-element elementor-element-fdfae46 center-mobile elementor-widget elementor-widget-text-editor\" data-id=\"fdfae46\" data-element_type=\"widget\" data-widget_type=\"text-editor.default\">\n\t\t\t\t\t\t\t\t\t<p>Passionn\u00e9 par son m\u00e9tier, Antony <strong>valorise l&#8217;exp\u00e9rimentation, encourage la cr\u00e9ativit\u00e9<\/strong> et transmet avec enthousiasme l&#8217;amour du travail bien fait.<\/p><p>Que l&#8217;on veuille se lancer dans un <strong>nouveau loisir manuel<\/strong>, <strong>se reconvertir<\/strong> ou <strong>approfondir sa pratique artisanale<\/strong>, ces formations sont \u00e0 votre port\u00e9e.<\/p><p>En rejoignant un stage avec Anthony Carletto, on entre dans un univers o\u00f9 le m\u00e9tal prend vie, o\u00f9 la tradition rencontre la cr\u00e9ation et o\u00f9 chaque coup de marteau rapproche un peu plus de la beaut\u00e9 brute du geste artisanale.\u00a0<\/p>\t\t\t\t\t\t\t\t<\/div>\n\t\t\t\t<div class=\"elementor-element elementor-element-ra5ufpw elementor-vertical-align-middle elementor-widget elementor-widget-image-box\" data-id=\"ra5ufpw\" data-element_type=\"widget\" data-widget_type=\"image-box.default\">\n\t\t\t\t\t<div class=\"elementor-image-box-wrapper\"><div class=\"elementor-image-box-content\"><h3 class=\"elementor-image-box-title\">Initiation \u00e0 la forge<\/h3><\/div><\/div>\t\t\t\t<\/div>\n\t\t\t\t<div class=\"elementor-element elementor-element-4cf55d0 center-mobile elementor-widget elementor-widget-text-editor\" data-id=\"4cf55d0\" data-element_type=\"widget\" data-widget_type=\"text-editor.default\">\n\t\t\t\t\t\t\t\t\t<p>Apprenez \u00e0 dompter le feu et l&#8217;acier en fabriquant votre propre pi\u00e8ce \u00e0 la forge.<br \/>Pendant ces stages immersifs, vous d\u00e9couvrirez les bases du travail \u00e0 chaud : <br \/>&#8211; Mise en forme, martelage, pliage<br \/>&#8211; R\u00e9alisation d&#8217;un objet personnel (crochet, volutes, d\u00e9coration&#8230;)<\/p><p>\u00a0<\/p><p>Dur\u00e9e : 4h<br \/>Tarif : 280\u20ac &#8211; Si groupe constitu\u00e9, me consulter.<\/p>\t\t\t\t\t\t\t\t<\/div>\n\t\t\t\t<div class=\"elementor-element elementor-element-ff6xcpl elementor-vertical-align-middle elementor-widget elementor-widget-image-box\" data-id=\"ff6xcpl\" data-element_type=\"widget\" data-widget_type=\"image-box.default\">\n\t\t\t\t\t<div class=\"elementor-image-box-wrapper\"><div class=\"elementor-image-box-content\"><h3 class=\"elementor-image-box-title\">Initiation \u00e0 la soudure<\/h3><\/div><\/div>\t\t\t\t<\/div>\n\t\t\t\t<div class=\"elementor-element elementor-element-8c7fbed center-mobile elementor-widget elementor-widget-text-editor\" data-id=\"8c7fbed\" data-element_type=\"widget\" data-widget_type=\"text-editor.default\">\n\t\t\t\t\t\t\t\t\t<p>Que vous soyez d\u00e9butant ou amateur \u00e9clair\u00e9, les formations de soudure vous permettent de : <br \/>&#8211; Apprendre \u00e0 souder \u00e0 l&#8217;arc ou au MIG<br \/>&#8211; Comprendre les propri\u00e9t\u00e9s des m\u00e9taux<br \/>&#8211; Ma\u00eetriser les bases de s\u00e9curit\u00e9 et des assemblages solides<\/p><p>\u00a0<\/p><p>Dur\u00e9e : 4h<br \/>Tarif : 180\u20ac &#8211; Si groupe constitu\u00e9, me consulter.<\/p>\t\t\t\t\t\t\t\t<\/div>\n\t\t\t\t<div class=\"elementor-element elementor-element-df8a4ea center-mobile elementor-widget elementor-widget-text-editor\" data-id=\"df8a4ea\" data-element_type=\"widget\" data-widget_type=\"text-editor.default\">\n\t\t\t\t\t\t\t\t\t<p><strong>Ces comp\u00e9tences sont directement applicables pour tous vos projets.<\/strong><\/p><p>Les formations se d\u00e9roulent en petit groupe o\u00f9 chacun.e progresse \u00e0 son rythme.<\/p><p>Anthony se d\u00e9place chez vous dans les Alpes Maritimes sur devis.<\/p><p>Lieu : Tende &#8211; Vall\u00e9e de la Roya<br \/>Pour plus d&#8217;informations ou pour r\u00e9server : <strong><a href=\"https:\/\/ferronnerie-carletto.fr\/index.php\/contact\/\">contactez-moi.<\/a><\/strong><\/p>\t\t\t\t\t\t\t\t<\/div>\n\t\t\t\t\t<\/div>\n\t\t<\/div>\n\t\t\t\t<div class=\"elementor-column elementor-col-50 elementor-top-column elementor-element elementor-element-oskz8lp\" data-id=\"oskz8lp\" data-element_type=\"column\">\n\t\t\t<div class=\"elementor-widget-wrap elementor-element-populated\">\n\t\t\t\t\t\t<div class=\"elementor-element elementor-element-db77f37 elementor-hidden-phone elementor-widget elementor-widget-image\" data-id=\"db77f37\" data-element_type=\"widget\" data-widget_type=\"image.default\">\n\t\t\t\t\t\t\t\t\t\t\t\t\t\t\t<img fetchpriority=\"high\" decoding=\"async\" width=\"1200\" height=\"1508\" src=\"http:\/\/ferronnerie-carletto.fr\/wp-content\/uploads\/2025\/12\/artisan-ferronnier-roya.jpg\" class=\"attachment-full size-full wp-image-750\" alt=\"\" srcset=\"http:\/\/ferronnerie-carletto.fr\/wp-content\/uploads\/2025\/12\/artisan-ferronnier-roya.jpg 1200w, http:\/\/ferronnerie-carletto.fr\/wp-content\/uploads\/2025\/12\/artisan-ferronnier-roya-239x300.jpg 239w, http:\/\/ferronnerie-carletto.fr\/wp-content\/uploads\/2025\/12\/artisan-ferronnier-roya-815x1024.jpg 815w, http:\/\/ferronnerie-carletto.fr\/wp-content\/uploads\/2025\/12\/artisan-ferronnier-roya-768x965.jpg 768w\" sizes=\"(max-width: 1200px) 100vw, 1200px\" \/>\t\t\t\t\t\t\t\t\t\t\t\t\t\t\t<\/div>\n\t\t\t\t<div class=\"elementor-element elementor-element-7f35088 elementor-hidden-phone elementor-widget elementor-widget-image\" data-id=\"7f35088\" data-element_type=\"widget\" data-widget_type=\"image.default\">\n\t\t\t\t\t\t\t\t\t\t\t\t\t\t\t<img decoding=\"async\" width=\"1000\" height=\"846\" src=\"http:\/\/ferronnerie-carletto.fr\/wp-content\/uploads\/2025\/12\/formation-ferronnerie-roya.jpg\" class=\"attachment-full size-full wp-image-752\" alt=\"\" srcset=\"http:\/\/ferronnerie-carletto.fr\/wp-content\/uploads\/2025\/12\/formation-ferronnerie-roya.jpg 1000w, http:\/\/ferronnerie-carletto.fr\/wp-content\/uploads\/2025\/12\/formation-ferronnerie-roya-300x254.jpg 300w, http:\/\/ferronnerie-carletto.fr\/wp-content\/uploads\/2025\/12\/formation-ferronnerie-roya-768x650.jpg 768w\" sizes=\"(max-width: 1000px) 100vw, 1000px\" \/>\t\t\t\t\t\t\t\t\t\t\t\t\t\t\t<\/div>\n\t\t\t\t<div class=\"elementor-element elementor-element-9e21b2e elementor-hidden-phone elementor-widget elementor-widget-image\" data-id=\"9e21b2e\" data-element_type=\"widget\" data-widget_type=\"image.default\">\n\t\t\t\t\t\t\t\t\t\t\t\t\t\t\t<img decoding=\"async\" width=\"850\" height=\"930\" src=\"http:\/\/ferronnerie-carletto.fr\/wp-content\/uploads\/2025\/12\/formation-ferronnerie-alpes-maritimes-1.jpg\" class=\"attachment-full size-full wp-image-751\" alt=\"\" srcset=\"http:\/\/ferronnerie-carletto.fr\/wp-content\/uploads\/2025\/12\/formation-ferronnerie-alpes-maritimes-1.jpg 850w, http:\/\/ferronnerie-carletto.fr\/wp-content\/uploads\/2025\/12\/formation-ferronnerie-alpes-maritimes-1-274x300.jpg 274w, http:\/\/ferronnerie-carletto.fr\/wp-content\/uploads\/2025\/12\/formation-ferronnerie-alpes-maritimes-1-768x840.jpg 768w\" sizes=\"(max-width: 850px) 100vw, 850px\" \/>\t\t\t\t\t\t\t\t\t\t\t\t\t\t\t<\/div>\n\t\t\t\t\t<\/div>\n\t\t<\/div>\n\t\t\t\t\t<\/div>\n\t\t<\/section>\n\t\t\t\t<\/div>\n\t\t","protected":false},"excerpt":{"rendered":"<p>Anthony carletto Artiste ferronnier et formateur passionn\u00e9 formation en ferronnerie &amp; soudure Form\u00e9 aux techniques traditionnelles de la forge et enrichi par des ann\u00e9es d&#8217;exp\u00e9rimentation personnelle, Anthony accorde une grande importance \u00e0 la transmission. C&#8217;est dans cet optique qu&#8217;il propose des formations de forge sur m\u00e9tal et soudure pour tous. Ses stages, organis\u00e9s \u00e0 l&#8217;atelier [&hellip;]<\/p>\n","protected":false},"author":1,"featured_media":0,"parent":0,"menu_order":0,"comment_status":"closed","ping_status":"closed","template":"elementor_header_footer","meta":{"ocean_post_layout":"","ocean_both_sidebars_style":"","ocean_both_sidebars_content_width":0,"ocean_both_sidebars_sidebars_width":0,"ocean_sidebar":"","ocean_second_sidebar":"","ocean_disable_margins":"enable","ocean_add_body_class":"","ocean_shortcode_before_top_bar":"","ocean_shortcode_after_top_bar":"","ocean_shortcode_before_header":"","ocean_shortcode_after_header":"","ocean_has_shortcode":"","ocean_shortcode_after_title":"","ocean_shortcode_before_footer_widgets":"","ocean_shortcode_after_footer_widgets":"","ocean_shortcode_before_footer_bottom":"","ocean_shortcode_after_footer_bottom":"","ocean_display_top_bar":"default","ocean_display_header":"default","ocean_header_style":"","ocean_center_header_left_menu":"","ocean_custom_header_template":"","ocean_custom_logo":0,"ocean_custom_retina_logo":0,"ocean_custom_logo_max_width":0,"ocean_custom_logo_tablet_max_width":0,"ocean_custom_logo_mobile_max_width":0,"ocean_custom_logo_max_height":0,"ocean_custom_logo_tablet_max_height":0,"ocean_custom_logo_mobile_max_height":0,"ocean_header_custom_menu":"","ocean_menu_typo_font_family":"","ocean_menu_typo_font_subset":"","ocean_menu_typo_font_size":0,"ocean_menu_typo_font_size_tablet":0,"ocean_menu_typo_font_size_mobile":0,"ocean_menu_typo_font_size_unit":"px","ocean_menu_typo_font_weight":"","ocean_menu_typo_font_weight_tablet":"","ocean_menu_typo_font_weight_mobile":"","ocean_menu_typo_transform":"","ocean_menu_typo_transform_tablet":"","ocean_menu_typo_transform_mobile":"","ocean_menu_typo_line_height":0,"ocean_menu_typo_line_height_tablet":0,"ocean_menu_typo_line_height_mobile":0,"ocean_menu_typo_line_height_unit":"","ocean_menu_typo_spacing":0,"ocean_menu_typo_spacing_tablet":0,"ocean_menu_typo_spacing_mobile":0,"ocean_menu_typo_spacing_unit":"","ocean_menu_link_color":"","ocean_menu_link_color_hover":"","ocean_menu_link_color_active":"","ocean_menu_link_background":"","ocean_menu_link_hover_background":"","ocean_menu_link_active_background":"","ocean_menu_social_links_bg":"","ocean_menu_social_hover_links_bg":"","ocean_menu_social_links_color":"","ocean_menu_social_hover_links_color":"","ocean_disable_title":"default","ocean_disable_heading":"default","ocean_post_title":"","ocean_post_subheading":"","ocean_post_title_style":"","ocean_post_title_background_color":"","ocean_post_title_background":0,"ocean_post_title_bg_image_position":"","ocean_post_title_bg_image_attachment":"","ocean_post_title_bg_image_repeat":"","ocean_post_title_bg_image_size":"","ocean_post_title_height":0,"ocean_post_title_bg_overlay":0.5,"ocean_post_title_bg_overlay_color":"","ocean_disable_breadcrumbs":"default","ocean_breadcrumbs_color":"","ocean_breadcrumbs_separator_color":"","ocean_breadcrumbs_links_color":"","ocean_breadcrumbs_links_hover_color":"","ocean_display_footer_widgets":"default","ocean_display_footer_bottom":"default","ocean_custom_footer_template":"","footnotes":""},"class_list":["post-658","page","type-page","status-publish","hentry","entry"],"yoast_head":"<!-- This site is optimized with the Yoast SEO plugin v26.6 - https:\/\/yoast.com\/wordpress\/plugins\/seo\/ -->\n<title>Formation - Ferronerie Carletto<\/title>\n<meta name=\"robots\" content=\"index, follow, max-snippet:-1, max-image-preview:large, max-video-preview:-1\" \/>\n<link rel=\"canonical\" href=\"https:\/\/ferronnerie-carletto.fr\/index.php\/formation\/\" \/>\n<meta property=\"og:locale\" content=\"en_US\" \/>\n<meta property=\"og:type\" content=\"article\" \/>\n<meta property=\"og:title\" content=\"Formation - Ferronerie Carletto\" \/>\n<meta property=\"og:description\" content=\"Anthony carletto Artiste ferronnier et formateur passionn\u00e9 formation en ferronnerie &amp; soudure Form\u00e9 aux techniques traditionnelles de la forge et enrichi par des ann\u00e9es d&#8217;exp\u00e9rimentation personnelle, Anthony accorde une grande importance \u00e0 la transmission. C&#8217;est dans cet optique qu&#8217;il propose des formations de forge sur m\u00e9tal et soudure pour tous. Ses stages, organis\u00e9s \u00e0 l&#8217;atelier [&hellip;]\" \/>\n<meta property=\"og:url\" content=\"https:\/\/ferronnerie-carletto.fr\/index.php\/formation\/\" \/>\n<meta property=\"og:site_name\" content=\"Ferronerie Carletto\" \/>\n<meta property=\"article:modified_time\" content=\"2025-12-16T08:29:07+00:00\" \/>\n<meta property=\"og:image\" content=\"http:\/\/ferronnerie-carletto.fr\/wp-content\/uploads\/2025\/12\/artisan-ferronnier-roya.jpg\" \/>\n<meta name=\"twitter:card\" content=\"summary_large_image\" \/>\n<meta name=\"twitter:label1\" content=\"Est. reading time\" \/>\n\t<meta name=\"twitter:data1\" content=\"2 minutes\" \/>\n<script type=\"application\/ld+json\" class=\"yoast-schema-graph\">{\"@context\":\"https:\/\/schema.org\",\"@graph\":[{\"@type\":\"WebPage\",\"@id\":\"https:\/\/ferronnerie-carletto.fr\/index.php\/formation\/\",\"url\":\"https:\/\/ferronnerie-carletto.fr\/index.php\/formation\/\",\"name\":\"Formation - Ferronerie Carletto\",\"isPartOf\":{\"@id\":\"https:\/\/ferronnerie-carletto.fr\/#website\"},\"primaryImageOfPage\":{\"@id\":\"https:\/\/ferronnerie-carletto.fr\/index.php\/formation\/#primaryimage\"},\"image\":{\"@id\":\"https:\/\/ferronnerie-carletto.fr\/index.php\/formation\/#primaryimage\"},\"thumbnailUrl\":\"http:\/\/ferronnerie-carletto.fr\/wp-content\/uploads\/2025\/12\/artisan-ferronnier-roya.jpg\",\"datePublished\":\"2025-10-30T14:05:44+00:00\",\"dateModified\":\"2025-12-16T08:29:07+00:00\",\"breadcrumb\":{\"@id\":\"https:\/\/ferronnerie-carletto.fr\/index.php\/formation\/#breadcrumb\"},\"inLanguage\":\"en-US\",\"potentialAction\":[{\"@type\":\"ReadAction\",\"target\":[\"https:\/\/ferronnerie-carletto.fr\/index.php\/formation\/\"]}]},{\"@type\":\"ImageObject\",\"inLanguage\":\"en-US\",\"@id\":\"https:\/\/ferronnerie-carletto.fr\/index.php\/formation\/#primaryimage\",\"url\":\"https:\/\/ferronnerie-carletto.fr\/wp-content\/uploads\/2025\/12\/artisan-ferronnier-roya.jpg\",\"contentUrl\":\"https:\/\/ferronnerie-carletto.fr\/wp-content\/uploads\/2025\/12\/artisan-ferronnier-roya.jpg\",\"width\":1200,\"height\":1508},{\"@type\":\"BreadcrumbList\",\"@id\":\"https:\/\/ferronnerie-carletto.fr\/index.php\/formation\/#breadcrumb\",\"itemListElement\":[{\"@type\":\"ListItem\",\"position\":1,\"name\":\"Home\",\"item\":\"https:\/\/ferronnerie-carletto.fr\/\"},{\"@type\":\"ListItem\",\"position\":2,\"name\":\"Formation\"}]},{\"@type\":\"WebSite\",\"@id\":\"https:\/\/ferronnerie-carletto.fr\/#website\",\"url\":\"https:\/\/ferronnerie-carletto.fr\/\",\"name\":\"Ferronerie Carletto\",\"description\":\"Ferronerie et formation\",\"publisher\":{\"@id\":\"https:\/\/ferronnerie-carletto.fr\/#organization\"},\"potentialAction\":[{\"@type\":\"SearchAction\",\"target\":{\"@type\":\"EntryPoint\",\"urlTemplate\":\"https:\/\/ferronnerie-carletto.fr\/?s={search_term_string}\"},\"query-input\":{\"@type\":\"PropertyValueSpecification\",\"valueRequired\":true,\"valueName\":\"search_term_string\"}}],\"inLanguage\":\"en-US\"},{\"@type\":\"Organization\",\"@id\":\"https:\/\/ferronnerie-carletto.fr\/#organization\",\"name\":\"Ferronerie Carletto\",\"url\":\"https:\/\/ferronnerie-carletto.fr\/\",\"logo\":{\"@type\":\"ImageObject\",\"inLanguage\":\"en-US\",\"@id\":\"https:\/\/ferronnerie-carletto.fr\/#\/schema\/logo\/image\/\",\"url\":\"https:\/\/ferronnerie-carletto.fr\/wp-content\/uploads\/2025\/10\/cropped-logo-1.png\",\"contentUrl\":\"https:\/\/ferronnerie-carletto.fr\/wp-content\/uploads\/2025\/10\/cropped-logo-1.png\",\"width\":475,\"height\":597,\"caption\":\"Ferronerie Carletto\"},\"image\":{\"@id\":\"https:\/\/ferronnerie-carletto.fr\/#\/schema\/logo\/image\/\"}}]}<\/script>\n<!-- \/ Yoast SEO plugin. -->","yoast_head_json":{"title":"Formation - Ferronerie Carletto","robots":{"index":"index","follow":"follow","max-snippet":"max-snippet:-1","max-image-preview":"max-image-preview:large","max-video-preview":"max-video-preview:-1"},"canonical":"https:\/\/ferronnerie-carletto.fr\/index.php\/formation\/","og_locale":"en_US","og_type":"article","og_title":"Formation - Ferronerie Carletto","og_description":"Anthony carletto Artiste ferronnier et formateur passionn\u00e9 formation en ferronnerie &amp; soudure Form\u00e9 aux techniques traditionnelles de la forge et enrichi par des ann\u00e9es d&#8217;exp\u00e9rimentation personnelle, Anthony accorde une grande importance \u00e0 la transmission. C&#8217;est dans cet optique qu&#8217;il propose des formations de forge sur m\u00e9tal et soudure pour tous. Ses stages, organis\u00e9s \u00e0 l&#8217;atelier [&hellip;]","og_url":"https:\/\/ferronnerie-carletto.fr\/index.php\/formation\/","og_site_name":"Ferronerie Carletto","article_modified_time":"2025-12-16T08:29:07+00:00","og_image":[{"url":"http:\/\/ferronnerie-carletto.fr\/wp-content\/uploads\/2025\/12\/artisan-ferronnier-roya.jpg","type":"","width":"","height":""}],"twitter_card":"summary_large_image","twitter_misc":{"Est. reading time":"2 minutes"},"schema":{"@context":"https:\/\/schema.org","@graph":[{"@type":"WebPage","@id":"https:\/\/ferronnerie-carletto.fr\/index.php\/formation\/","url":"https:\/\/ferronnerie-carletto.fr\/index.php\/formation\/","name":"Formation - Ferronerie Carletto","isPartOf":{"@id":"https:\/\/ferronnerie-carletto.fr\/#website"},"primaryImageOfPage":{"@id":"https:\/\/ferronnerie-carletto.fr\/index.php\/formation\/#primaryimage"},"image":{"@id":"https:\/\/ferronnerie-carletto.fr\/index.php\/formation\/#primaryimage"},"thumbnailUrl":"http:\/\/ferronnerie-carletto.fr\/wp-content\/uploads\/2025\/12\/artisan-ferronnier-roya.jpg","datePublished":"2025-10-30T14:05:44+00:00","dateModified":"2025-12-16T08:29:07+00:00","breadcrumb":{"@id":"https:\/\/ferronnerie-carletto.fr\/index.php\/formation\/#breadcrumb"},"inLanguage":"en-US","potentialAction":[{"@type":"ReadAction","target":["https:\/\/ferronnerie-carletto.fr\/index.php\/formation\/"]}]},{"@type":"ImageObject","inLanguage":"en-US","@id":"https:\/\/ferronnerie-carletto.fr\/index.php\/formation\/#primaryimage","url":"https:\/\/ferronnerie-carletto.fr\/wp-content\/uploads\/2025\/12\/artisan-ferronnier-roya.jpg","contentUrl":"https:\/\/ferronnerie-carletto.fr\/wp-content\/uploads\/2025\/12\/artisan-ferronnier-roya.jpg","width":1200,"height":1508},{"@type":"BreadcrumbList","@id":"https:\/\/ferronnerie-carletto.fr\/index.php\/formation\/#breadcrumb","itemListElement":[{"@type":"ListItem","position":1,"name":"Home","item":"https:\/\/ferronnerie-carletto.fr\/"},{"@type":"ListItem","position":2,"name":"Formation"}]},{"@type":"WebSite","@id":"https:\/\/ferronnerie-carletto.fr\/#website","url":"https:\/\/ferronnerie-carletto.fr\/","name":"Ferronerie Carletto","description":"Ferronerie et formation","publisher":{"@id":"https:\/\/ferronnerie-carletto.fr\/#organization"},"potentialAction":[{"@type":"SearchAction","target":{"@type":"EntryPoint","urlTemplate":"https:\/\/ferronnerie-carletto.fr\/?s={search_term_string}"},"query-input":{"@type":"PropertyValueSpecification","valueRequired":true,"valueName":"search_term_string"}}],"inLanguage":"en-US"},{"@type":"Organization","@id":"https:\/\/ferronnerie-carletto.fr\/#organization","name":"Ferronerie Carletto","url":"https:\/\/ferronnerie-carletto.fr\/","logo":{"@type":"ImageObject","inLanguage":"en-US","@id":"https:\/\/ferronnerie-carletto.fr\/#\/schema\/logo\/image\/","url":"https:\/\/ferronnerie-carletto.fr\/wp-content\/uploads\/2025\/10\/cropped-logo-1.png","contentUrl":"https:\/\/ferronnerie-carletto.fr\/wp-content\/uploads\/2025\/10\/cropped-logo-1.png","width":475,"height":597,"caption":"Ferronerie Carletto"},"image":{"@id":"https:\/\/ferronnerie-carletto.fr\/#\/schema\/logo\/image\/"}}]}},"_links":{"self":[{"href":"https:\/\/ferronnerie-carletto.fr\/index.php\/wp-json\/wp\/v2\/pages\/658","targetHints":{"allow":["GET"]}}],"collection":[{"href":"https:\/\/ferronnerie-carletto.fr\/index.php\/wp-json\/wp\/v2\/pages"}],"about":[{"href":"https:\/\/ferronnerie-carletto.fr\/index.php\/wp-json\/wp\/v2\/types\/page"}],"author":[{"embeddable":true,"href":"https:\/\/ferronnerie-carletto.fr\/index.php\/wp-json\/wp\/v2\/users\/1"}],"replies":[{"embeddable":true,"href":"https:\/\/ferronnerie-carletto.fr\/index.php\/wp-json\/wp\/v2\/comments?post=658"}],"version-history":[{"count":43,"href":"https:\/\/ferronnerie-carletto.fr\/index.php\/wp-json\/wp\/v2\/pages\/658\/revisions"}],"predecessor-version":[{"id":774,"href":"https:\/\/ferronnerie-carletto.fr\/index.php\/wp-json\/wp\/v2\/pages\/658\/revisions\/774"}],"wp:attachment":[{"href":"https:\/\/ferronnerie-carletto.fr\/index.php\/wp-json\/wp\/v2\/media?parent=658"}],"curies":[{"name":"wp","href":"https:\/\/api.w.org\/{rel}","templated":true}]}}